{"id":9,"date":"2023-12-18T15:59:50","date_gmt":"2023-12-18T18:59:50","guid":{"rendered":"https:\/\/guardiankey.anadecastro.com\/?page_id=9"},"modified":"2025-12-16T10:53:38","modified_gmt":"2025-12-16T13:53:38","slug":"home","status":"publish","type":"page","link":"https:\/\/guardiankey.io\/pt-br\/","title":{"rendered":"Home"},"content":{"rendered":"","protected":false},"excerpt":{"rendered":"","protected":false},"author":1,"featured_media":174,"parent":0,"menu_order":0,"comment_status":"closed","ping_status":"closed","template":"","meta":{"inline_featured_image":false,"footnotes":""},"class_list":["post-9","page","type-page","status-publish","has-post-thumbnail","hentry"],"yoast_head":"<!-- This site is optimized with the Yoast SEO plugin v26.8 - https:\/\/yoast.com\/product\/yoast-seo-wordpress\/ -->\n<title>GuardianKey - Seguran\u00e7a descomplicada!<\/title>\n<meta name=\"description\" content=\"Em um mundo tecnol\u00f3gico em constante evolu\u00e7\u00e3o, o GuardianKey oferece solu\u00e7\u00f5es de seguran\u00e7a cibern\u00e9tica que acompanham esse ritmo.\" \/>\n<meta name=\"robots\" content=\"index, follow, max-snippet:-1, max-image-preview:large, max-video-preview:-1\" \/>\n<link rel=\"canonical\" href=\"https:\/\/guardiankey.io\/pt-br\/\" \/>\n<meta property=\"og:locale\" content=\"pt_BR\" \/>\n<meta property=\"og:type\" content=\"article\" \/>\n<meta property=\"og:title\" content=\"GuardianKey - Seguran\u00e7a descomplicada!\" \/>\n<meta property=\"og:description\" content=\"Em um mundo tecnol\u00f3gico em constante evolu\u00e7\u00e3o, o GuardianKey oferece solu\u00e7\u00f5es de seguran\u00e7a cibern\u00e9tica que acompanham esse ritmo.\" \/>\n<meta property=\"og:url\" content=\"https:\/\/guardiankey.io\/pt-br\/\" \/>\n<meta property=\"og:site_name\" content=\"GuardianKey\" \/>\n<meta property=\"article:modified_time\" content=\"2025-12-16T13:53:38+00:00\" \/>\n<meta property=\"og:image\" content=\"https:\/\/guardiankey.io\/pt-br\/wp-content\/uploads\/2025\/08\/cropped-guardiankey-favicon.png\" \/>\n\t<meta property=\"og:image:width\" content=\"512\" \/>\n\t<meta property=\"og:image:height\" content=\"512\" \/>\n\t<meta property=\"og:image:type\" content=\"image\/png\" \/>\n<meta name=\"twitter:card\" content=\"summary_large_image\" \/>\n<meta name=\"twitter:label1\" content=\"Est. tempo de leitura\" \/>\n\t<meta name=\"twitter:data1\" content=\"12 minutos\" \/>\n<script type=\"application\/ld+json\" class=\"yoast-schema-graph\">{\"@context\":\"https:\/\/schema.org\",\"@graph\":[{\"@type\":\"WebPage\",\"@id\":\"https:\/\/guardiankey.io\/pt-br\/\",\"url\":\"https:\/\/guardiankey.io\/pt-br\/\",\"name\":\"GuardianKey - Seguran\u00e7a descomplicada!\",\"isPartOf\":{\"@id\":\"https:\/\/guardiankey.io\/pt-br\/#website\"},\"primaryImageOfPage\":{\"@id\":\"https:\/\/guardiankey.io\/pt-br\/#primaryimage\"},\"image\":{\"@id\":\"https:\/\/guardiankey.io\/pt-br\/#primaryimage\"},\"thumbnailUrl\":\"https:\/\/guardiankey.io\/pt-br\/wp-content\/uploads\/2025\/08\/cropped-guardiankey-favicon.png\",\"datePublished\":\"2023-12-18T18:59:50+00:00\",\"dateModified\":\"2025-12-16T13:53:38+00:00\",\"description\":\"Em um mundo tecnol\u00f3gico em constante evolu\u00e7\u00e3o, o GuardianKey oferece solu\u00e7\u00f5es de seguran\u00e7a cibern\u00e9tica que acompanham esse ritmo.\",\"breadcrumb\":{\"@id\":\"https:\/\/guardiankey.io\/pt-br\/#breadcrumb\"},\"inLanguage\":\"pt-BR\",\"potentialAction\":[{\"@type\":\"ReadAction\",\"target\":[\"https:\/\/guardiankey.io\/pt-br\/\"]}]},{\"@type\":\"ImageObject\",\"inLanguage\":\"pt-BR\",\"@id\":\"https:\/\/guardiankey.io\/pt-br\/#primaryimage\",\"url\":\"https:\/\/guardiankey.io\/pt-br\/wp-content\/uploads\/2025\/08\/cropped-guardiankey-favicon.png\",\"contentUrl\":\"https:\/\/guardiankey.io\/pt-br\/wp-content\/uploads\/2025\/08\/cropped-guardiankey-favicon.png\",\"width\":512,\"height\":512,\"caption\":\"GuardianKey oferece solu\u00e7\u00f5es de seguran\u00e7a cibern\u00e9tica\"},{\"@type\":\"BreadcrumbList\",\"@id\":\"https:\/\/guardiankey.io\/pt-br\/#breadcrumb\",\"itemListElement\":[{\"@type\":\"ListItem\",\"position\":1,\"name\":\"In\u00edcio\",\"item\":\"https:\/\/guardiankey.io\/pt-br\/\"},{\"@type\":\"ListItem\",\"position\":2,\"name\":\"Home\"}]},{\"@type\":\"WebSite\",\"@id\":\"https:\/\/guardiankey.io\/pt-br\/#website\",\"url\":\"https:\/\/guardiankey.io\/pt-br\/\",\"name\":\"GuardiansX\",\"description\":\"Seguran\u00e7a descomplicada!\",\"publisher\":{\"@id\":\"https:\/\/guardiankey.io\/pt-br\/#organization\"},\"potentialAction\":[{\"@type\":\"SearchAction\",\"target\":{\"@type\":\"EntryPoint\",\"urlTemplate\":\"https:\/\/guardiankey.io\/pt-br\/?s={search_term_string}\"},\"query-input\":{\"@type\":\"PropertyValueSpecification\",\"valueRequired\":true,\"valueName\":\"search_term_string\"}}],\"inLanguage\":\"pt-BR\"},{\"@type\":\"Organization\",\"@id\":\"https:\/\/guardiankey.io\/pt-br\/#organization\",\"name\":\"GuardiansX\",\"url\":\"https:\/\/guardiankey.io\/pt-br\/\",\"logo\":{\"@type\":\"ImageObject\",\"inLanguage\":\"pt-BR\",\"@id\":\"https:\/\/guardiankey.io\/pt-br\/#\/schema\/logo\/image\/\",\"url\":\"http:\/\/guardiankey.io\/pt-br\/wp-content\/uploads\/2024\/04\/logo-atualizado-colorido-horizontal.png\",\"contentUrl\":\"http:\/\/guardiankey.io\/pt-br\/wp-content\/uploads\/2024\/04\/logo-atualizado-colorido-horizontal.png\",\"width\":2300,\"height\":535,\"caption\":\"GuardiansX\"},\"image\":{\"@id\":\"https:\/\/guardiankey.io\/pt-br\/#\/schema\/logo\/image\/\"},\"sameAs\":[\"https:\/\/www.instagram.com\/cyberguardianx\/\",\"https:\/\/www.linkedin.com\/cyberguardianx?_l=pt_BR\"]}]}<\/script>\n<!-- \/ Yoast SEO plugin. -->","yoast_head_json":{"title":"GuardianKey - Seguran\u00e7a descomplicada!","description":"Em um mundo tecnol\u00f3gico em constante evolu\u00e7\u00e3o, o GuardianKey oferece solu\u00e7\u00f5es de seguran\u00e7a cibern\u00e9tica que acompanham esse ritmo.","robots":{"index":"index","follow":"follow","max-snippet":"max-snippet:-1","max-image-preview":"max-image-preview:large","max-video-preview":"max-video-preview:-1"},"canonical":"https:\/\/guardiankey.io\/pt-br\/","og_locale":"pt_BR","og_type":"article","og_title":"GuardianKey - Seguran\u00e7a descomplicada!","og_description":"Em um mundo tecnol\u00f3gico em constante evolu\u00e7\u00e3o, o GuardianKey oferece solu\u00e7\u00f5es de seguran\u00e7a cibern\u00e9tica que acompanham esse ritmo.","og_url":"https:\/\/guardiankey.io\/pt-br\/","og_site_name":"GuardianKey","article_modified_time":"2025-12-16T13:53:38+00:00","og_image":[{"width":512,"height":512,"url":"https:\/\/guardiankey.io\/pt-br\/wp-content\/uploads\/2025\/08\/cropped-guardiankey-favicon.png","type":"image\/png"}],"twitter_card":"summary_large_image","twitter_misc":{"Est. tempo de leitura":"12 minutos"},"schema":{"@context":"https:\/\/schema.org","@graph":[{"@type":"WebPage","@id":"https:\/\/guardiankey.io\/pt-br\/","url":"https:\/\/guardiankey.io\/pt-br\/","name":"GuardianKey - Seguran\u00e7a descomplicada!","isPartOf":{"@id":"https:\/\/guardiankey.io\/pt-br\/#website"},"primaryImageOfPage":{"@id":"https:\/\/guardiankey.io\/pt-br\/#primaryimage"},"image":{"@id":"https:\/\/guardiankey.io\/pt-br\/#primaryimage"},"thumbnailUrl":"https:\/\/guardiankey.io\/pt-br\/wp-content\/uploads\/2025\/08\/cropped-guardiankey-favicon.png","datePublished":"2023-12-18T18:59:50+00:00","dateModified":"2025-12-16T13:53:38+00:00","description":"Em um mundo tecnol\u00f3gico em constante evolu\u00e7\u00e3o, o GuardianKey oferece solu\u00e7\u00f5es de seguran\u00e7a cibern\u00e9tica que acompanham esse ritmo.","breadcrumb":{"@id":"https:\/\/guardiankey.io\/pt-br\/#breadcrumb"},"inLanguage":"pt-BR","potentialAction":[{"@type":"ReadAction","target":["https:\/\/guardiankey.io\/pt-br\/"]}]},{"@type":"ImageObject","inLanguage":"pt-BR","@id":"https:\/\/guardiankey.io\/pt-br\/#primaryimage","url":"https:\/\/guardiankey.io\/pt-br\/wp-content\/uploads\/2025\/08\/cropped-guardiankey-favicon.png","contentUrl":"https:\/\/guardiankey.io\/pt-br\/wp-content\/uploads\/2025\/08\/cropped-guardiankey-favicon.png","width":512,"height":512,"caption":"GuardianKey oferece solu\u00e7\u00f5es de seguran\u00e7a cibern\u00e9tica"},{"@type":"BreadcrumbList","@id":"https:\/\/guardiankey.io\/pt-br\/#breadcrumb","itemListElement":[{"@type":"ListItem","position":1,"name":"In\u00edcio","item":"https:\/\/guardiankey.io\/pt-br\/"},{"@type":"ListItem","position":2,"name":"Home"}]},{"@type":"WebSite","@id":"https:\/\/guardiankey.io\/pt-br\/#website","url":"https:\/\/guardiankey.io\/pt-br\/","name":"GuardiansX","description":"Seguran\u00e7a descomplicada!","publisher":{"@id":"https:\/\/guardiankey.io\/pt-br\/#organization"},"potentialAction":[{"@type":"SearchAction","target":{"@type":"EntryPoint","urlTemplate":"https:\/\/guardiankey.io\/pt-br\/?s={search_term_string}"},"query-input":{"@type":"PropertyValueSpecification","valueRequired":true,"valueName":"search_term_string"}}],"inLanguage":"pt-BR"},{"@type":"Organization","@id":"https:\/\/guardiankey.io\/pt-br\/#organization","name":"GuardiansX","url":"https:\/\/guardiankey.io\/pt-br\/","logo":{"@type":"ImageObject","inLanguage":"pt-BR","@id":"https:\/\/guardiankey.io\/pt-br\/#\/schema\/logo\/image\/","url":"http:\/\/guardiankey.io\/pt-br\/wp-content\/uploads\/2024\/04\/logo-atualizado-colorido-horizontal.png","contentUrl":"http:\/\/guardiankey.io\/pt-br\/wp-content\/uploads\/2024\/04\/logo-atualizado-colorido-horizontal.png","width":2300,"height":535,"caption":"GuardiansX"},"image":{"@id":"https:\/\/guardiankey.io\/pt-br\/#\/schema\/logo\/image\/"},"sameAs":["https:\/\/www.instagram.com\/cyberguardianx\/","https:\/\/www.linkedin.com\/cyberguardianx?_l=pt_BR"]}]}},"_links":{"self":[{"href":"https:\/\/guardiankey.io\/pt-br\/wp-json\/wp\/v2\/pages\/9","targetHints":{"allow":["GET"]}}],"collection":[{"href":"https:\/\/guardiankey.io\/pt-br\/wp-json\/wp\/v2\/pages"}],"about":[{"href":"https:\/\/guardiankey.io\/pt-br\/wp-json\/wp\/v2\/types\/page"}],"author":[{"embeddable":true,"href":"https:\/\/guardiankey.io\/pt-br\/wp-json\/wp\/v2\/users\/1"}],"replies":[{"embeddable":true,"href":"https:\/\/guardiankey.io\/pt-br\/wp-json\/wp\/v2\/comments?post=9"}],"version-history":[{"count":1,"href":"https:\/\/guardiankey.io\/pt-br\/wp-json\/wp\/v2\/pages\/9\/revisions"}],"predecessor-version":[{"id":10,"href":"https:\/\/guardiankey.io\/pt-br\/wp-json\/wp\/v2\/pages\/9\/revisions\/10"}],"wp:featuredmedia":[{"embeddable":true,"href":"https:\/\/guardiankey.io\/pt-br\/wp-json\/wp\/v2\/media\/174"}],"wp:attachment":[{"href":"https:\/\/guardiankey.io\/pt-br\/wp-json\/wp\/v2\/media?parent=9"}],"curies":[{"name":"wp","href":"https:\/\/api.w.org\/{rel}","templated":true}]}}